{"id":54,"date":"2024-03-15T22:11:56","date_gmt":"2024-03-15T22:11:56","guid":{"rendered":"https:\/\/cartograff.com\/?page_id=54"},"modified":"2024-03-15T22:43:55","modified_gmt":"2024-03-15T22:43:55","slug":"acceuil","status":"publish","type":"page","link":"https:\/\/cartograff.com\/en\/","title":{"rendered":"Acceuil"},"content":{"rendered":"\t\t<div data-elementor-type=\"wp-page\" data-elementor-id=\"54\" class=\"elementor elementor-54\" data-elementor-post-type=\"page\">\n\t\t\t\t\t\t<section class=\"elementor-section elementor-top-section elementor-element elementor-element-7e02145 elementor-section-full_width elementor-section-stretched elementor-section-height-default elementor-section-height-default\" data-id=\"7e02145\" data-element_type=\"section\" data-e-type=\"section\" data-settings=\"{&quot;stretch_section&quot;:&quot;section-stretched&quot;,&quot;motion_fx_motion_fx_scrolling&quot;:&quot;yes&quot;,&quot;motion_fx_translateY_effect&quot;:&quot;yes&quot;,&quot;sticky&quot;:&quot;top&quot;,&quot;motion_fx_translateY_speed&quot;:{&quot;unit&quot;:&quot;px&quot;,&quot;size&quot;:4,&quot;sizes&quot;:[]},&quot;motion_fx_translateY_affectedRange&quot;:{&quot;unit&quot;:&quot;%&quot;,&quot;size&quot;:&quot;&quot;,&quot;sizes&quot;:{&quot;start&quot;:0,&quot;end&quot;:100}},&quot;motion_fx_devices&quot;:[&quot;desktop&quot;,&quot;tablet&quot;,&quot;mobile&quot;],&quot;sticky_on&quot;:[&quot;desktop&quot;,&quot;tablet&quot;,&quot;mobile&quot;],&quot;sticky_offset&quot;:0,&quot;sticky_effects_offset&quot;:0,&quot;sticky_anchor_link_offset&quot;:0}\">\n\t\t\t\t\t\t<div class=\"elementor-container elementor-column-gap-wide\">\n\t\t\t\t\t<div class=\"elementor-column elementor-col-100 elementor-top-column elementor-element elementor-element-a89e602\" data-id=\"a89e602\" data-element_type=\"column\" data-e-type=\"column\">\n\t\t\t<div class=\"elementor-widget-wrap elementor-element-populated\">\n\t\t\t\t\t\t<div class=\"elementor-element elementor-element-82e89c2 elementor-widget elementor-widget-text-editor\" data-id=\"82e89c2\" data-element_type=\"widget\" data-e-type=\"widget\" data-widget_type=\"text-editor.default\">\n\t\t\t\t<div class=\"elementor-widget-container\">\n\t\t\t\t\t\t\t\t\t<p>Bienvenue dans\u00a0 le monde des cartes g\u00e9ographiques personnalis\u00e9es, o\u00f9 chaque lieu devient le h\u00e9ros de son histoire. Chez Cartograff, nous croyons fermement en la magie de la cartographie, car chaque coin de terre poss\u00e8de son propre r\u00e9cit, ses propres aventures \u00e0 raconter. Que ce soit le petit village o\u00f9 vous avez gardi, la ville anim\u00e9e o\u00f9 vous avez fait vos \u00e9tudes, ou l&rsquo;endroit recul\u00e9 o\u00f9 vous avez v\u00e9cu une exp\u00e9rience inoubliable, chaque lieu est unique, charg\u00e9 de souvenirs et impr\u00e9gn\u00e9 de significations personnelles. Nos cartes ne sont pas seulement des repr\u00e9sentations g\u00e9ograhiques, ce sont des t\u00e9moins silencieux des moments pr\u00e9cieux de votre vie, des histoires que vous avez v\u00e9cues et des r\u00eaves que vous poursuivez. Laissez-nous capturer l&rsquo;essence de votre lieu pr\u00e9f\u00e9r\u00e9 et transformer votre histoire en une oeuvre d&rsquo;art.<\/p>\t\t\t\t\t\t\t\t<\/div>\n\t\t\t\t<\/div>\n\t\t\t\t\t<\/div>\n\t\t<\/div>\n\t\t\t\t\t<\/div>\n\t\t<\/section>\n\t\t\t\t<section class=\"elementor-section elementor-top-section elementor-element elementor-element-898bfa5 elementor-section-boxed elementor-section-height-default elementor-section-height-default\" data-id=\"898bfa5\" data-element_type=\"section\" data-e-type=\"section\">\n\t\t\t\t\t\t<div class=\"elementor-container elementor-column-gap-default\">\n\t\t\t\t\t<div class=\"elementor-column elementor-col-100 elementor-top-column elementor-element elementor-element-88f3c1f\" data-id=\"88f3c1f\" data-element_type=\"column\" data-e-type=\"column\">\n\t\t\t<div class=\"elementor-widget-wrap elementor-element-populated\">\n\t\t\t\t\t\t<div class=\"elementor-element elementor-element-2909511 elementor-widget elementor-widget-video\" data-id=\"2909511\" data-element_type=\"widget\" data-e-type=\"widget\" data-settings=\"{&quot;video_type&quot;:&quot;hosted&quot;,&quot;mute&quot;:&quot;yes&quot;,&quot;controls&quot;:&quot;yes&quot;}\" data-no-translation=\"\" data-widget_type=\"video.default\">\n\t\t\t\t<div class=\"elementor-widget-container\">\n\t\t\t\t\t<style>.elementor-element-2909511{display:none !important}<\/style>\t\t\t\t<\/div>\n\t\t\t\t<\/div>\n\t\t\t\t\t<\/div>\n\t\t<\/div>\n\t\t\t\t\t<\/div>\n\t\t<\/section>\n\t\t\t\t<\/div>\n\t\t","protected":false},"excerpt":{"rendered":"<p>Bienvenue dans\u00a0 le monde des cartes g\u00e9ographiques personnalis\u00e9es, o\u00f9 chaque lieu devient le h\u00e9ros de son histoire. Chez Cartograff, nous croyons fermement en la magie de la cartographie, car chaque coin de terre poss\u00e8de son propre r\u00e9cit, ses propres aventures \u00e0 raconter. Que ce soit le petit village o\u00f9 vous avez gardi, la ville anim\u00e9e &hellip; <\/p>\n<p class=\"link-more\"><a href=\"https:\/\/cartograff.com\/en\/\" class=\"more-link\">Continue reading<span class=\"screen-reader-text\"> \u00ab\u00a0Acceuil\u00a0\u00bb<\/span><\/a><\/p>","protected":false},"author":1,"featured_media":0,"parent":0,"menu_order":0,"comment_status":"closed","ping_status":"closed","template":"elementor_header_footer","meta":{"_coblocks_attr":"","_coblocks_dimensions":"","_coblocks_responsive_height":"","_coblocks_accordion_ie_support":"","footnotes":""},"class_list":["post-54","page","type-page","status-publish","hentry"],"jetpack_sharing_enabled":true,"_links":{"self":[{"href":"https:\/\/cartograff.com\/en\/wp-json\/wp\/v2\/pages\/54","targetHints":{"allow":["GET"]}}],"collection":[{"href":"https:\/\/cartograff.com\/en\/wp-json\/wp\/v2\/pages"}],"about":[{"href":"https:\/\/cartograff.com\/en\/wp-json\/wp\/v2\/types\/page"}],"author":[{"embeddable":true,"href":"https:\/\/cartograff.com\/en\/wp-json\/wp\/v2\/users\/1"}],"replies":[{"embeddable":true,"href":"https:\/\/cartograff.com\/en\/wp-json\/wp\/v2\/comments?post=54"}],"version-history":[{"count":37,"href":"https:\/\/cartograff.com\/en\/wp-json\/wp\/v2\/pages\/54\/revisions"}],"predecessor-version":[{"id":3047,"href":"https:\/\/cartograff.com\/en\/wp-json\/wp\/v2\/pages\/54\/revisions\/3047"}],"wp:attachment":[{"href":"https:\/\/cartograff.com\/en\/wp-json\/wp\/v2\/media?parent=54"}],"curies":[{"name":"wp","href":"https:\/\/api.w.org\/{rel}","templated":true}]}}